{"id":19,"date":"2021-08-25T13:33:55","date_gmt":"2021-08-25T11:33:55","guid":{"rendered":"http:\/\/3w.simplyservice.pl\/?page_id=19"},"modified":"2024-10-04T12:47:36","modified_gmt":"2024-10-04T10:47:36","slug":"rodo","status":"publish","type":"page","link":"http:\/\/www.simplyservice.pl\/index.php\/rodo\/","title":{"rendered":"RODO"},"content":{"rendered":"\n<h1>INFORMACJA O PRZETWARZANIU DANYCH OSOBOWYCH<\/h1>\n\n\n\n<p>Administratorem Twoich danych osobowych jest sp\u00f3\u0142ka Simply Service sp. z o.o. z siedzib\u0105 w Warszawie (00-140) przy al. Solidarno\u015bci 117.<\/p>\n\n\n\n<p><strong>ZMIANA PRZEPIS\u00d3W DOTYCZ\u0104CYCH OCHRONY DANYCH OSOBOWYCH<\/strong><\/p>\n\n\n\n<p>W zwi\u0105zku z wej\u015bciem w \u017cycie unijnego Rozporz\u0105dzenia o Ochronie Danych Osobowych (RODO), kt\u00f3rego celem jest ujednolicenie zasad przetwarzania danych osobowych na terenie Unii Europejskiej (UE), wskazujemy poni\u017cej informacje dotycz\u0105ce przetwarzania Pa\u0144stwa danych osobowych. Jako administrator odpowiadamy za ich wykorzystywanie w spos\u00f3b zgodny z umow\u0105 oraz obowi\u0105zuj\u0105cymi przepisami.<\/p>\n\n\n\n<hr class=\"wp-block-separator\"\/>\n\n\n\n<p><strong>W jakim celu i na jakiej podstawie przetwarzamy<\/strong> <strong>Pa\u0144stwa dane osobowe?<\/strong><\/p>\n\n\n\n<p>Pa\u0144stwa dane osobowe, uzyskane przy zawieraniu umowy oraz w trakcie jej trwania, wykorzystujemy w nast\u0119puj\u0105cych celach:<\/p>\n\n\n\n<p>1) zawarcia i wykonywania \u0142\u0105cz\u0105cej nas umowy, w tym rozpatrywania reklamacji oraz dokonywania rozlicze\u0144 w czasie trwania umowy lub do ich zako\u0144czenia (podstawa prawna: art. 6 ust. 1 b RODO);<\/p>\n\n\n\n<p>\u200b<\/p>\n\n\n\n<p>2) wype\u0142nianie obowi\u0105zk\u00f3w prawnych ci\u0105\u017c\u0105cych na nas na podstawie powszechnie obowi\u0105zuj\u0105cych przepis\u00f3w prawa, w tym ustawy o ochronie os\u00f3b i mienia, przepis\u00f3w podatkowych i z zakresu rachunkowo\u015bci dotycz\u0105cych m.in. wystawiania i przechowywania faktur VAT oraz innych dokument\u00f3w ksi\u0119gowych (podstawa prawna: art. 6 ust. 1 c RODO);<\/p>\n\n\n\n<p>\u200b<\/p>\n\n\n\n<p>3) marketingu bezpo\u015bredniego naszych produkt\u00f3w lub us\u0142ug w czasie trwania umowy (podstawa prawna: art. 6 ust. 1 lit. f RODO \u2013 czyli uzasadniony interes administratora);<\/p>\n\n\n\n<p>\u200b<\/p>\n\n\n\n<p>4) tworzenia na nasze wewn\u0119trzne potrzeby zestawie\u0144, analiz i statystyk w czasie trwania umowy, a po jej zako\u0144czeniu przez okres przedawnienia roszcze\u0144 wynikaj\u0105cych z umowy (podstawa prawna: art. 6 ust. 1 lit. f RODO \u2013 czyli uzasadniony interes administratora);<\/p>\n\n\n\n<p>\u200b<\/p>\n\n\n\n<p>5) ustalania, obrony i dochodzenia roszcze\u0144 wynikaj\u0105cych z umowy przez okres ich przedawnienia (podstawa prawna: art. 6 ust. 1 lit. f RODO \u2013 czyli uzasadniony interes administratora);<\/p>\n\n\n\n<p>\u200b<\/p>\n\n\n\n<p>6) weryfikacji wiarygodno\u015bci p\u0142atniczej przy zawarciu, przed\u0142u\u017ceniu lub rozszerzeniu zakresu tej lub kolejnej umowy (podstawa prawna: art. 6 ust. 1 b RODO); dotyczy to tak\u017ce danych uzyskanych przez nas z innych \u017ar\u00f3de\u0142, a je\u015bli zawieraj\u0105 Pa\u0144stwo z nami kolejn\u0105 umow\u0119 \u2013 Pa\u0144stwa danych posiadanych ju\u017c przez nas przed jej zawarciem;<\/p>\n\n\n\n<p>Je\u017celi wyrazili Pa\u0144stwo zgod\u0119 na przetwarzanie swoich danych osobowych, o\u015bwiadczenie o wyra\u017ceniu zgody okre\u015bla cel, w kt\u00f3rym b\u0119dziemy przetwarza\u0107 te dane.<\/p>\n\n\n\n<p>We wskazanych powy\u017cej celach, z wyj\u0105tkiem realizacji obowi\u0105zk\u00f3w prawnych, mo\u017cemy dokonywa\u0107 profilowania, czyli zautomatyzowanej analizy Pa\u0144stwa danych i opracowania przewidywa\u0144 na temat preferencji lub przysz\u0142ych zachowa\u0144.<\/p>\n\n\n\n<hr class=\"wp-block-separator\"\/>\n\n\n\n<p><strong>Komu przekazujemy Pa\u0144stwa dane?<\/strong><\/p>\n\n\n\n<p>Pa\u0144stwa dane przekazujemy:<\/p>\n\n\n\n<p>1) podmiotom przetwarzaj\u0105cym Pa\u0144stwa dane w naszym imieniu i na podstawie zawartych z nami um\u00f3w:<\/p>\n\n\n\n<p>\u2013 firmom informatycznym obs\u0142uguj\u0105cym nasze systemy informatyczne lub udost\u0119pniaj\u0105cym nam narz\u0119dzia informatyczne<\/p>\n\n\n\n<p>\u200b\u200b- podmiotom \u015bwiadcz\u0105cym na nasz\u0105 rzecz us\u0142ugi niezb\u0119dne do wykonania zawieranej z Pa\u0144stwem umowy \u2013 je\u017celi zawarta z Pa\u0144stwem umowa wymaga ich udzia\u0142u np. przy monta\u017cu urz\u0105dze\u0144, podjazdach interwencyjnych czy wysy\u0142ce korespondencji;<\/p>\n\n\n\n<p>\u2013 podmiotom po\u015brednicz\u0105cym w sprzeda\u017cy naszych us\u0142ug i produkt\u00f3w, lub organizacji akcji marketingowych;<\/p>\n\n\n\n<p>\u2013 podmiotom \u015bwiadcz\u0105cym na nasz\u0105 rzecz us\u0142ugi prowadzenia Biura Obs\u0142ugi Klient\u00f3w (call center), rozpatrywania reklamacji, rachunkowe, fakturowania i rozliczania um\u00f3w, badania jako\u015bci obs\u0142ugi, dochodzenia nale\u017cno\u015bci, analityczne, audytowe, doradcze, prawne, podatkowe.<\/p>\n\n\n\n<p>\u200b<\/p>\n\n\n\n<p>2) innym podmiotom, kt\u00f3re jako administratorzy przetwarzaj\u0105 Pa\u0144stwa dane we w\u0142asnym imieniu:<\/p>\n\n\n\n<p>\u2013 podmiotom prowadz\u0105cym dzia\u0142alno\u015b\u0107 pocztow\u0105 lub kuriersk\u0105 \u2013 w zwi\u0105zku z przekazywaniem korespondencji;<\/p>\n\n\n\n<p>\u2013 podmiotom prowadz\u0105cym dzia\u0142alno\u015b\u0107 p\u0142atnicz\u0105 (np. bankom) \u2013 w zwi\u0105zku z dokonywanymi p\u0142atno\u015bciami;<\/p>\n\n\n\n<p>\u2013 podmiotom nabywaj\u0105cym od nas wierzytelno\u015bci \u2013 w zwi\u0105zku ze sprzeda\u017c\u0105 d\u0142ug\u00f3w;<\/p>\n\n\n\n<p>\u2013 podmiotom \u015bwiadcz\u0105cym na nasz\u0105 rzecz us\u0142ugi ksi\u0119gowe, prawne, podatkowe \u2013 w zakresie, w jakim stan\u0105 si\u0119 administratorem danych.<\/p>\n\n\n\n<hr class=\"wp-block-separator\"\/>\n\n\n\n<p><strong>Automatyczne podejmowanie decyzji<\/strong><\/p>\n\n\n\n<p>\u200b<\/p>\n\n\n\n<p>\u015awiadcz\u0105c us\u0142ugi mo\u017cemy podejmowa\u0107 w spos\u00f3b zautomatyzowany decyzje wywo\u0142uj\u0105ce istotny dla Pa\u0144stwa skutek. Oznacza to, \u017ce w umowach lub regulaminach mo\u017cemy wskaza\u0107, \u017ce osi\u0105gni\u0119cie lub przekroczenie ustalonych limit\u00f3w transferu danych lub sygna\u0142\u00f3w z urz\u0105dze\u0144 mo\u017ce spowodowa\u0107 zawieszenie us\u0142ugi lub jej dzia\u0142anie na innych zasadach.<\/p>\n\n\n\n<p>Czy Pa\u0144stwa dane b\u0119d\u0105 przekazywane poza Europejski Obszar Gospodarczy?<\/p>\n\n\n\n<p>Obecnie nie przekazujemy i nie planujemy w przysz\u0142o\u015bci przekazywa\u0107 Pa\u0144stwa danych poza Europejski Obszar Gospodarczy (EOG), kt\u00f3ry obejmuje kraje cz\u0142onkowskie Unii Europejskiej oraz Norwegi\u0119, Islandi\u0119 i Liechtenstein.<\/p>\n\n\n\n<hr class=\"wp-block-separator\"\/>\n\n\n\n<h1>Jakie macie Pa\u0144stwo prawa zwi\u0105zane z przetwarzaniem danych osobowych?<\/h1>\n\n\n\n<p>Mog\u0105 Pa\u0144stwo z\u0142o\u017cy\u0107 do nas:<\/p>\n\n\n\n<p>1) wniosek o:<\/p>\n\n\n\n<p>\u2013 sprostowanie nieprawid\u0142owych danych;<\/p>\n\n\n\n<p>\u2013 usuni\u0119cie danych przetwarzanych bezpodstawnie;<\/p>\n\n\n\n<p>\u2013 ograniczenie przetwarzania poprzez wstrzymanie operacji na danych przez okre\u015blony czas albo&nbsp; nieusuwanie danych (we wniosku nale\u017cy wskaza\u0107 w\u0142a\u015bciwy spos\u00f3b ograniczenia przetwarzania);<\/p>\n\n\n\n<p>\u2013 dost\u0119p do danych, w tym udzielenie informacji o przetwarzanych danych lub kopi\u0119 danych;<\/p>\n\n\n\n<p>\u2013 przeniesienie danych (je\u017celi zosta\u0142o spe\u0142nione warunki zawarte w art. 20 ust. 1 RODO);<\/p>\n\n\n\n<p>\u200b<\/p>\n\n\n\n<p>2) sprzeciw wobec przetwarzania Pa\u0144stwa danych osobowych (w tym profilowania):<\/p>\n\n\n\n<p>\u200b<\/p>\n\n\n\n<p>\u2013 je\u017celi podstaw\u0105 przetwarzania jest marketing bezpo\u015bredni naszych us\u0142ug lub produkt\u00f3w \u2013 w\u00f3wczas jeste\u015bmy zobowi\u0105zani do zako\u0144czenia przetwarzania danych w tym celu;<\/p>\n\n\n\n<p>\u2013 je\u017celi podstaw\u0105 przetwarzania jest nasz prawnie uzasadniony interes lub interes publiczny \u2013 w\u00f3wczas jeste\u015bmy zobowi\u0105zani do zako\u0144czenia przetwarzania danych w tych celach, chyba \u017ce wyka\u017cemy (a) istnienie podstaw do ustalenia, dochodzenia lub obrony roszcze\u0144, b\u0105d\u017a (b) wa\u017cnych prawnie uzasadnionych podstaw do przetwarzania danych, kt\u00f3re wed\u0142ug prawa uznaje si\u0119 za nadrz\u0119dne wobec Pa\u0144stwa interes\u00f3w, praw i wolno\u015bci.<\/p>\n\n\n\n<p>Je\u017celi przetwarzamy Pa\u0144stwa dane wy\u0142\u0105cznie na podstawie zgody, tak\u0105 zgod\u0119 mo\u017cna cofn\u0105\u0107 w dowolnym momencie. Cofni\u0119cie zgody nie wp\u0142ywa na zgodno\u015b\u0107 z prawem przetwarzania, kt\u00f3rego dokonali\u015bmy na podstawie tej zgody przed jej cofni\u0119ciem.<\/p>\n\n\n\n<hr class=\"wp-block-separator\"\/>\n\n\n\n<h1>Skarga<\/h1>\n\n\n\n<h1>\u200b<\/h1>\n\n\n\n<p>Je\u017celi uwa\u017caj\u0105 Pa\u0144stwo, \u017ce przetwarzamy Pa\u0144stwa dane osobowe niezgodnie z przepisami prawa, maj\u0105 Pa\u0144stwo prawo wnie\u015b\u0107 skarg\u0119 do organu nadzorczego zajmuj\u0105cego si\u0119 ochron\u0105 danych osobowych.<\/p>\n\n\n\n<p>Kontakt i informacje<\/p>\n\n\n\n<p>Simply Service Sp. z o.o.<\/p>\n\n\n\n<p>&nbsp;00-140 Warszawa,<\/p>\n\n\n\n<p>Al. Solidarno\u015bci 117<\/p>\n\n\n\n<p>\u200b<\/p>\n\n\n\n<p><strong>Inspektor ochrony danych:<\/strong><\/p>\n\n\n\n<p><strong>Natalia K\u0119dzierska<\/strong><\/p>\n\n\n\n<p><strong>Tel. 22&nbsp;440 59 00<\/strong><\/p>\n\n\n\n<p><strong>e-mail:&nbsp;<a href=\"mailto:iod@simplyservice.pl\">iod@simplyservice.pl<\/a><\/strong><\/p>\n","protected":false},"excerpt":{"rendered":"<p>INFORMACJA O PRZETWARZANIU DANYCH OSOBOWYCH Administratorem Twoich danych osobowych jest sp\u00f3\u0142ka Simply Service sp. z o.o. z siedzib\u0105 w Warszawie (00-140) przy al. Solidarno\u015bci 117. ZMIANA PRZEPIS\u00d3W DOTYCZ\u0104CYCH OCHRONY DANYCH OSOBOWYCH W zwi\u0105zku z wej\u015bciem&hellip; <\/p>\n","protected":false},"author":1,"featured_media":0,"parent":0,"menu_order":0,"comment_status":"closed","ping_status":"closed","template":"","meta":[],"_links":{"self":[{"href":"http:\/\/www.simplyservice.pl\/index.php\/wp-json\/wp\/v2\/pages\/19"}],"collection":[{"href":"http:\/\/www.simplyservice.pl\/index.php\/wp-json\/wp\/v2\/pages"}],"about":[{"href":"http:\/\/www.simplyservice.pl\/index.php\/wp-json\/wp\/v2\/types\/page"}],"author":[{"embeddable":true,"href":"http:\/\/www.simplyservice.pl\/index.php\/wp-json\/wp\/v2\/users\/1"}],"replies":[{"embeddable":true,"href":"http:\/\/www.simplyservice.pl\/index.php\/wp-json\/wp\/v2\/comments?post=19"}],"version-history":[{"count":3,"href":"http:\/\/www.simplyservice.pl\/index.php\/wp-json\/wp\/v2\/pages\/19\/revisions"}],"predecessor-version":[{"id":34,"href":"http:\/\/www.simplyservice.pl\/index.php\/wp-json\/wp\/v2\/pages\/19\/revisions\/34"}],"wp:attachment":[{"href":"http:\/\/www.simplyservice.pl\/index.php\/wp-json\/wp\/v2\/media?parent=19"}],"curies":[{"name":"wp","href":"https:\/\/api.w.org\/{rel}","templated":true}]}}